{"id":76,"date":"2024-05-17T16:48:06","date_gmt":"2024-05-17T16:48:06","guid":{"rendered":"https:\/\/jotconsult.fi\/?page_id=76"},"modified":"2024-05-17T16:53:19","modified_gmt":"2024-05-17T16:53:19","slug":"arkea-helpottavia-tyokaluja-toistuviin-tehtaviin","status":"publish","type":"page","link":"https:\/\/jotconsult.fi\/?page_id=76","title":{"rendered":"Arkea helpottavia ty\u00f6kaluja toistuviin teht\u00e4viin"},"content":{"rendered":"\n<p><a href=\"https:\/\/jotconsult.fi\/wp-admin\/edit.php?post_type=page\"><\/a><\/p>\n\n\n\n<p id=\"block-df65fcc5-9f92-4678-aed9-8c9286f843fa\">Olen koonnut alle muutamia jo olemassa olevia ty\u00f6kaluja, joita voidaan r\u00e4\u00e4t\u00e4l\u00f6id\u00e4 teid\u00e4n yrityksen tarpeisiin. Kassavirtaennuste on avattu hieman laajemmin alle, muut ty\u00f6kalut avaan mielell\u00e4ni tarjouksen kera.<\/p>\n\n\n\n<h2 class=\"wp-block-heading\" id=\"block-ab540a92-222c-427f-ae26-eeb04c433cc3\">Kassavirtaennuste yrityksen kassan suunnitteluun.<\/h2>\n\n\n\n<p id=\"block-55b5d18b-6e6a-49b3-868b-801c1f83eecc\">Ty\u00f6kalu on toteutettu Access ja Excel yhteisk\u00e4yt\u00f6ll\u00e4. Access toimii taustalla ker\u00e4ten ja summaten tietoja eri l\u00e4hteist\u00e4, arjessa ei accessia tarvitse koskaan avata, se vain p\u00e4ivitt\u00e4\u00e4 liitettyj\u00e4 tietol\u00e4hteit\u00e4. Exceliss\u00e4 kootaan eri tietol\u00e4hteet yhteen kaavoilla yhteen ja seurataan kassan kehityst\u00e4 p\u00e4iv\u00e4tasolla halutksi aikajaksoksi tai rullaavasti. Tietoa eli rahan tarpeita voidaan koota ERPist\u00e4, reskontrasta yms, riitt\u00e4\u00e4 kun on jonkunlainen rajapinta tai tiedon export toiminto, n\u00e4in saadaan ostot ja myynnit oikeilla maksuehdoilla. Muut vakiokulut lis\u00e4t\u00e4\u00e4n Exceliin omiin tauluihin maksuohjelmien mukaan, esim palkat, verot, ostovaraukset budjetin mukaan, vuokrat, leasingmaksut, lainan lyhennykset. Kulubudjetti voidaan yhdist\u00e4\u00e4 edell\u00e4oleviin ja tehd\u00e4 varauksia rullaavasti eteenp\u00e4in.<\/p>\n\n\n\n<p id=\"block-7fb26040-0501-4cdc-bcf2-5967056d4dbf\">Yll\u00e4pitoon arjessa tarvitaan ulkoisten tietojen p\u00e4ivitys ja pankkitili saldojen p\u00e4ivitys.<\/p>\n\n\n\n<p id=\"block-3d7ea3a1-9ace-4163-a8fb-3f8fff74cf13\">Ty\u00f6kalu toimii p\u00e4ivitt\u00e4isess\u00e4 taloussuunnittelussa sek\u00e4 johdon apuna rahoitustarpeiden ennakoinnissa.<\/p>\n\n\n\n<p id=\"block-4f2c15eb-29ca-48ca-9548-90b52bad5452\">Mit\u00e4 tarvitaan k\u00e4ytt\u00f6\u00f6nottoon?<\/p>\n\n\n\n<ul class=\"wp-block-list\" id=\"block-ff4721e2-4341-4fd3-addf-f78293fc0761\">\n<li>Vakioluoteiset kulut maksup\u00e4ivineen, esim palkat, lainat, vuokrat<\/li>\n\n\n\n<li>ostorestontra tiedot, suoran rajapinta tai excel \/csv tiedostosiirto palvelusta<\/li>\n\n\n\n<li>Myyntitiedot, yhteys laskutusj\u00e4rjestelm\u00e4\u00e4n tai excel \/csv tiedostosiirto palvelusta<\/li>\n\n\n\n<li>Muut yritykselle ominaiset kassaan liittyv\u00e4t tarpeet<\/li>\n\n\n\n<li><strong>Ty\u00f6m\u00e4\u00e4r\u00e4arvio<\/strong>\n<ul class=\"wp-block-list\">\n<li>1 htp m\u00e4\u00e4rittely ja tarpeet<\/li>\n\n\n\n<li>2 htp tietorakenteiden kokoaminen<\/li>\n\n\n\n<li>1 htp kassaty\u00f6kalun ulkoasu<\/li>\n\n\n\n<li>1 htp k\u00e4ytt\u00f6koulutus ja k\u00e4ytt\u00f6\u00f6notto<\/li>\n\n\n\n<li>Tuki k\u00e4ytt\u00f6\u00f6noton j\u00e4lkeen 2 kk max 10 h\n<ul class=\"wp-block-list\">\n<li>Hinta arvio 4500\u20ac alv 0%<\/li>\n<\/ul>\n<\/li>\n<\/ul>\n<\/li>\n\n\n\n<li><\/li>\n<\/ul>\n\n\n\n<h2 class=\"wp-block-heading\" id=\"block-3dff7504-ac59-4b2e-9815-6ab2e217510a\">Raaka-aine ostojen suunnittelu ty\u00f6kalu<\/h2>\n\n\n\n<p id=\"block-3e17151f-a7c0-44da-8819-4554044ca55e\"><a href=\"mailto:?subject=Tarjouspyynt\u00f6 raaka-aine ostojen suunnittelu\">pyyd\u00e4 tarjous<\/a><\/p>\n\n\n\n<h2 class=\"wp-block-heading\" id=\"block-2919e986-a822-474f-a9e4-ce4b762f3e01\">Shopify verkkokaupan tuotetietojen hallinta ja metakenttien k\u00e4ytt\u00f6\u00f6notto.<\/h2>\n\n\n\n<p id=\"block-d7974aea-18c4-47ae-9138-429304d9f742\"><a href=\"mailto:?subject=Tarjouspyynt\u00f6 Shopify tuotetietohallinta\">pyyd\u00e4 tarjous<\/a><\/p>\n\n\n\n<h2 class=\"wp-block-heading\" id=\"block-aa71187c-0feb-4114-87e3-448f432e4e22\">Konsignaatio palvelun yll\u00e4pito toiminto ERP rinnalla<\/h2>\n\n\n\n<p id=\"block-e135eb14-511b-4f63-8147-00b21110fc14\"><a href=\"mailto:?subject=Tarjouspyynt\u00f6 Konsignaatio palvelu\">pyyd\u00e4 tarjous<\/a><\/p>\n\n\n\n<h2 class=\"wp-block-heading\" id=\"block-d8334158-81b2-4ec8-af89-889fad5fbc20\">EDI sanomien muodostus ERP rajapinnasta<\/h2>\n\n\n\n<p id=\"block-cfba170e-7fe5-43b8-a32d-92cdeb50f1c6\"><a href=\"mailto:?subject=Tarjouspyynt\u00f6 EDI sanomat\">pyyd\u00e4 tarjous<\/a><\/p>\n\n\n\n<h2 class=\"wp-block-heading\" id=\"block-e20988cd-df47-4a3f-b2ee-5eaaba0e1cc5\">Asiakkaan myyntitilausten luominen myym\u00e4l\u00e4varastoraportin mukaan<\/h2>\n\n\n\n<p id=\"block-17cb61f5-e9be-4284-b7d0-656fb9d07d43\"><a href=\"mailto:?subject=Tarjouspyynt\u00f6 Myyntitilausten luonti\">pyyd\u00e4 tarjous<\/a><\/p>\n\n\n\n<h2 class=\"wp-block-heading\" id=\"block-51325310-0ad3-4c02-8a6c-79ce010a3742\">Palkanmaksu erittely ty\u00f6kalu tilitoimistolle tiedonsiirto muodossa<\/h2>\n\n\n\n<p id=\"block-375a283b-386f-495d-8fdf-a5ee0f1e5149\"><a href=\"mailto:?subject=Tarjouspyynt\u00f6 Palkanmaksu raportointi\">pyyd\u00e4 tarjous<\/a><\/p>\n\n\n\n<h2 class=\"wp-block-heading\" id=\"block-4ef50fae-d63c-4dec-8b72-057cedd24593\">Pekkasp\u00e4ivien seuranta ja raportointi<\/h2>\n\n\n\n<p id=\"block-d2347d14-c39a-4262-9189-5ef91c57a444\"><a href=\"mailto:?subject=Tarjouspyynt\u00f6 Pekkasp\u00e4iv\u00e4raportointi\">pyyd\u00e4 tarjous<\/a><\/p>\n\n\n\n<h2 class=\"wp-block-heading\" id=\"block-04a2663a-faf2-45c4-9732-ebc290006e40\">Tarratulosteet erilaisiin tarpeisiin tilausten perusteella, laatikkotarrat, myyntier\u00e4tarrat, lajitelmatarrat.<\/h2>\n\n\n\n<p id=\"block-757d7183-a405-4477-84c2-6c25ed7a19b6\"><a href=\"mailto:?subject=Tarjouspyynt\u00f6 Tarratulosteet\">pyyd\u00e4 tarjous<\/a><\/p>\n\n\n\n<h2 class=\"wp-block-heading\" id=\"block-6a225e74-7f6d-4a14-8b19-320a2566dc8b\">Verkkokauppaliiketoiminnan kannattavuus raportti ( oma tuloslaskelma)<\/h2>\n\n\n\n<p id=\"block-97ed4239-ea02-4f3f-b8e2-a850d4d483e9\"><a href=\"mailto:?subject=Tarjouspyynt\u00f6 Verkkokaupan erillinen tuloslaskelma\">pyyd\u00e4 tarjous<\/a><\/p>\n\n\n\n<h2 class=\"wp-block-heading\" id=\"block-d0af441a-16dc-4727-9903-a2ddffb7b34d\">ISO 9001:2015 Laatuj\u00e4rjestelm\u00e4n poikkeamarekisteri, ilmoitukset, raportointi, teht\u00e4v\u00e4nannot<\/h2>\n\n\n\n<p id=\"block-f8011068-3b9c-4858-9a9b-0b7c981b5e38\"><a href=\"mailto:?subject=Tarjouspyynt\u00f6 Laatuj\u00e4rjestelm\u00e4 poikkeamarekisteri\">pyyd\u00e4 tarjous<\/a><\/p>\n\n\n\n<h2 class=\"wp-block-heading\" id=\"block-cfd2ada6-4208-407b-bf68-cc099a4ecc88\">Onko sinulla joku rutiini mik\u00e4 ty\u00f6llist\u00e4\u00e4 aina uudelleen ja turhauttaa naputella jo olemassa olevaa tietoa? Automatisoidaan se !<\/h2>\n\n\n\n<p id=\"block-b58ce360-97a7-45df-8677-243e8442cd96\"><a href=\"mailto:?subject=Tarjouspyynt\u00f6 omaan tarpeeseeni :\">pyyd\u00e4 tarjous<\/a><\/p>\n\n\n\n<p><\/p>\n","protected":false},"excerpt":{"rendered":"<p>Olen koonnut alle muutamia jo olemassa olevia ty\u00f6kaluja, joita voidaan r\u00e4\u00e4t\u00e4l\u00f6id\u00e4 teid\u00e4n yrityksen tarpeisiin. Kassavirtaennuste on avattu hieman laajemmin alle, muut ty\u00f6kalut avaan mielell\u00e4ni tarjouksen kera. Kassavirtaennuste yrityksen kassan suunnitteluun. Ty\u00f6kalu on toteutettu Access ja Excel yhteisk\u00e4yt\u00f6ll\u00e4. Access toimii taustalla ker\u00e4ten ja summaten tietoja eri l\u00e4hteist\u00e4, arjessa ei accessia tarvitse koskaan avata, se vain p\u00e4ivitt\u00e4\u00e4&hellip;&nbsp;<a href=\"https:\/\/jotconsult.fi\/?page_id=76\" class=\"\" rel=\"bookmark\">Lue lis\u00e4\u00e4 &raquo;<span class=\"screen-reader-text\">Arkea helpottavia ty\u00f6kaluja toistuviin teht\u00e4viin<\/span><\/a><\/p>\n","protected":false},"author":1,"featured_media":0,"parent":0,"menu_order":0,"comment_status":"closed","ping_status":"closed","template":"","meta":{"neve_meta_sidebar":"","neve_meta_container":"","neve_meta_enable_content_width":"","neve_meta_content_width":0,"neve_meta_title_alignment":"","neve_meta_author_avatar":"","neve_post_elements_order":"","neve_meta_disable_header":"","neve_meta_disable_footer":"","neve_meta_disable_title":"","footnotes":""},"class_list":["post-76","page","type-page","status-publish","hentry"],"yoast_head":"<!-- This site is optimized with the Yoast SEO plugin v22.6 - https:\/\/yoast.com\/wordpress\/plugins\/seo\/ -->\n<title>Arkea helpottavia ty\u00f6kaluja toistuviin teht\u00e4viin - JOT Consult Oy<\/title>\n<meta name=\"description\" content=\"Autan yrityksi\u00e4 automatisoimaan toistuvia rutiineja ja hallintsemaan monikanavaista tietoa. Excel ja Access ty\u00f6kaluilla apua arjen rutiineihin\" \/>\n<meta name=\"robots\" content=\"index, follow, max-snippet:-1, max-image-preview:large, max-video-preview:-1\" \/>\n<link rel=\"canonical\" href=\"https:\/\/jotconsult.fi\/?page_id=76\" \/>\n<meta property=\"og:locale\" content=\"fi_FI\" \/>\n<meta property=\"og:type\" content=\"article\" \/>\n<meta property=\"og:title\" content=\"Arkea helpottavia ty\u00f6kaluja toistuviin teht\u00e4viin - JOT Consult Oy\" \/>\n<meta property=\"og:description\" content=\"Autan yrityksi\u00e4 automatisoimaan toistuvia rutiineja ja hallintsemaan monikanavaista tietoa. Excel ja Access ty\u00f6kaluilla apua arjen rutiineihin\" \/>\n<meta property=\"og:url\" content=\"https:\/\/jotconsult.fi\/?page_id=76\" \/>\n<meta property=\"og:site_name\" content=\"JOT Consult Oy\" \/>\n<meta property=\"article:modified_time\" content=\"2024-05-17T16:53:19+00:00\" \/>\n<meta name=\"twitter:card\" content=\"summary_large_image\" \/>\n<meta name=\"twitter:label1\" content=\"Arvioitu lukuaika\" \/>\n\t<meta name=\"twitter:data1\" content=\"2 minuuttia\" \/>\n<script type=\"application\/ld+json\" class=\"yoast-schema-graph\">{\"@context\":\"https:\/\/schema.org\",\"@graph\":[{\"@type\":\"WebPage\",\"@id\":\"https:\/\/jotconsult.fi\/?page_id=76\",\"url\":\"https:\/\/jotconsult.fi\/?page_id=76\",\"name\":\"Arkea helpottavia ty\u00f6kaluja toistuviin teht\u00e4viin - JOT Consult Oy\",\"isPartOf\":{\"@id\":\"https:\/\/jotconsult.fi\/#website\"},\"datePublished\":\"2024-05-17T16:48:06+00:00\",\"dateModified\":\"2024-05-17T16:53:19+00:00\",\"description\":\"Autan yrityksi\u00e4 automatisoimaan toistuvia rutiineja ja hallintsemaan monikanavaista tietoa. Excel ja Access ty\u00f6kaluilla apua arjen rutiineihin\",\"breadcrumb\":{\"@id\":\"https:\/\/jotconsult.fi\/?page_id=76#breadcrumb\"},\"inLanguage\":\"fi\",\"potentialAction\":[{\"@type\":\"ReadAction\",\"target\":[\"https:\/\/jotconsult.fi\/?page_id=76\"]}]},{\"@type\":\"BreadcrumbList\",\"@id\":\"https:\/\/jotconsult.fi\/?page_id=76#breadcrumb\",\"itemListElement\":[{\"@type\":\"ListItem\",\"position\":1,\"name\":\"Etusivu\",\"item\":\"https:\/\/jotconsult.fi\/\"},{\"@type\":\"ListItem\",\"position\":2,\"name\":\"Arkea helpottavia ty\u00f6kaluja toistuviin teht\u00e4viin\"}]},{\"@type\":\"WebSite\",\"@id\":\"https:\/\/jotconsult.fi\/#website\",\"url\":\"https:\/\/jotconsult.fi\/\",\"name\":\"JOT Consulting\",\"description\":\"Arjen ty\u00f6kaluja tietohallintaan\",\"publisher\":{\"@id\":\"https:\/\/jotconsult.fi\/#organization\"},\"potentialAction\":[{\"@type\":\"SearchAction\",\"target\":{\"@type\":\"EntryPoint\",\"urlTemplate\":\"https:\/\/jotconsult.fi\/?s={search_term_string}\"},\"query-input\":\"required name=search_term_string\"}],\"inLanguage\":\"fi\"},{\"@type\":\"Organization\",\"@id\":\"https:\/\/jotconsult.fi\/#organization\",\"name\":\"JOT Consulting\",\"url\":\"https:\/\/jotconsult.fi\/\",\"logo\":{\"@type\":\"ImageObject\",\"inLanguage\":\"fi\",\"@id\":\"https:\/\/jotconsult.fi\/#\/schema\/logo\/image\/\",\"url\":\"\",\"contentUrl\":\"\",\"caption\":\"JOT Consulting\"},\"image\":{\"@id\":\"https:\/\/jotconsult.fi\/#\/schema\/logo\/image\/\"}}]}<\/script>\n<!-- \/ Yoast SEO plugin. -->","yoast_head_json":{"title":"Arkea helpottavia ty\u00f6kaluja toistuviin teht\u00e4viin - JOT Consult Oy","description":"Autan yrityksi\u00e4 automatisoimaan toistuvia rutiineja ja hallintsemaan monikanavaista tietoa. Excel ja Access ty\u00f6kaluilla apua arjen rutiineihin","robots":{"index":"index","follow":"follow","max-snippet":"max-snippet:-1","max-image-preview":"max-image-preview:large","max-video-preview":"max-video-preview:-1"},"canonical":"https:\/\/jotconsult.fi\/?page_id=76","og_locale":"fi_FI","og_type":"article","og_title":"Arkea helpottavia ty\u00f6kaluja toistuviin teht\u00e4viin - JOT Consult Oy","og_description":"Autan yrityksi\u00e4 automatisoimaan toistuvia rutiineja ja hallintsemaan monikanavaista tietoa. Excel ja Access ty\u00f6kaluilla apua arjen rutiineihin","og_url":"https:\/\/jotconsult.fi\/?page_id=76","og_site_name":"JOT Consult Oy","article_modified_time":"2024-05-17T16:53:19+00:00","twitter_card":"summary_large_image","twitter_misc":{"Arvioitu lukuaika":"2 minuuttia"},"schema":{"@context":"https:\/\/schema.org","@graph":[{"@type":"WebPage","@id":"https:\/\/jotconsult.fi\/?page_id=76","url":"https:\/\/jotconsult.fi\/?page_id=76","name":"Arkea helpottavia ty\u00f6kaluja toistuviin teht\u00e4viin - JOT Consult Oy","isPartOf":{"@id":"https:\/\/jotconsult.fi\/#website"},"datePublished":"2024-05-17T16:48:06+00:00","dateModified":"2024-05-17T16:53:19+00:00","description":"Autan yrityksi\u00e4 automatisoimaan toistuvia rutiineja ja hallintsemaan monikanavaista tietoa. Excel ja Access ty\u00f6kaluilla apua arjen rutiineihin","breadcrumb":{"@id":"https:\/\/jotconsult.fi\/?page_id=76#breadcrumb"},"inLanguage":"fi","potentialAction":[{"@type":"ReadAction","target":["https:\/\/jotconsult.fi\/?page_id=76"]}]},{"@type":"BreadcrumbList","@id":"https:\/\/jotconsult.fi\/?page_id=76#breadcrumb","itemListElement":[{"@type":"ListItem","position":1,"name":"Etusivu","item":"https:\/\/jotconsult.fi\/"},{"@type":"ListItem","position":2,"name":"Arkea helpottavia ty\u00f6kaluja toistuviin teht\u00e4viin"}]},{"@type":"WebSite","@id":"https:\/\/jotconsult.fi\/#website","url":"https:\/\/jotconsult.fi\/","name":"JOT Consulting","description":"Arjen ty\u00f6kaluja tietohallintaan","publisher":{"@id":"https:\/\/jotconsult.fi\/#organization"},"potentialAction":[{"@type":"SearchAction","target":{"@type":"EntryPoint","urlTemplate":"https:\/\/jotconsult.fi\/?s={search_term_string}"},"query-input":"required name=search_term_string"}],"inLanguage":"fi"},{"@type":"Organization","@id":"https:\/\/jotconsult.fi\/#organization","name":"JOT Consulting","url":"https:\/\/jotconsult.fi\/","logo":{"@type":"ImageObject","inLanguage":"fi","@id":"https:\/\/jotconsult.fi\/#\/schema\/logo\/image\/","url":"","contentUrl":"","caption":"JOT Consulting"},"image":{"@id":"https:\/\/jotconsult.fi\/#\/schema\/logo\/image\/"}}]}},"_links":{"self":[{"href":"https:\/\/jotconsult.fi\/index.php?rest_route=\/wp\/v2\/pages\/76","targetHints":{"allow":["GET"]}}],"collection":[{"href":"https:\/\/jotconsult.fi\/index.php?rest_route=\/wp\/v2\/pages"}],"about":[{"href":"https:\/\/jotconsult.fi\/index.php?rest_route=\/wp\/v2\/types\/page"}],"author":[{"embeddable":true,"href":"https:\/\/jotconsult.fi\/index.php?rest_route=\/wp\/v2\/users\/1"}],"replies":[{"embeddable":true,"href":"https:\/\/jotconsult.fi\/index.php?rest_route=%2Fwp%2Fv2%2Fcomments&post=76"}],"version-history":[{"count":5,"href":"https:\/\/jotconsult.fi\/index.php?rest_route=\/wp\/v2\/pages\/76\/revisions"}],"predecessor-version":[{"id":85,"href":"https:\/\/jotconsult.fi\/index.php?rest_route=\/wp\/v2\/pages\/76\/revisions\/85"}],"wp:attachment":[{"href":"https:\/\/jotconsult.fi\/index.php?rest_route=%2Fwp%2Fv2%2Fmedia&parent=76"}],"curies":[{"name":"wp","href":"https:\/\/api.w.org\/{rel}","templated":true}]}}